{"id":9583,"date":"2019-09-08T05:52:40","date_gmt":"2019-09-08T05:52:40","guid":{"rendered":"https:\/\/gsa.mwhost.ca\/about\/"},"modified":"2024-04-17T14:02:45","modified_gmt":"2024-04-17T14:02:45","slug":"a-propos","status":"publish","type":"page","link":"https:\/\/gsa.mwhost.ca\/fr\/a-propos\/","title":{"rendered":"\u00c0 propos"},"content":{"rendered":"\t\t<div data-elementor-type=\"wp-page\" data-elementor-id=\"9583\" class=\"elementor elementor-9583 elementor-2180\">\n\t\t\t\t\t\t<section class=\"elementor-section elementor-top-section elementor-element elementor-element-546220c elementor-section-boxed elementor-section-height-default elementor-section-height-default\" data-id=\"546220c\" data-element_type=\"section\">\n\t\t\t\t\t\t<div class=\"elementor-container elementor-column-gap-default\">\n\t\t\t\t\t<div class=\"elementor-column elementor-col-100 elementor-top-column elementor-element elementor-element-d238f05\" data-id=\"d238f05\" data-element_type=\"column\">\n\t\t\t<div class=\"elementor-widget-wrap elementor-element-populated\">\n\t\t\t\t\t\t<div class=\"elementor-element elementor-element-8050cc1 elementor-widget elementor-widget-elementskit-heading\" data-id=\"8050cc1\" data-element_type=\"widget\" data-settings=\"{&quot;ekit_we_effect_on&quot;:&quot;none&quot;}\" data-widget_type=\"elementskit-heading.default\">\n\t\t\t\t<div class=\"elementor-widget-container\">\n\t\t\t<div class=\"ekit-wid-con\" ><div class=\"ekit-heading elementskit-section-title-wraper text_center   ekit_heading_tablet-   ekit_heading_mobile-\"><div class=\"ekit_heading_separetor_wraper ekit_heading_elementskit-border-divider elementskit-style-long\"><div class=\"elementskit-border-divider elementskit-style-long\"><\/div><\/div><h2 class=\"ekit-heading--title elementskit-section-title \">Notre mission<\/h2><\/div><\/div>\t\t<\/div>\n\t\t\t\t<\/div>\n\t\t\t\t<section class=\"elementor-section elementor-inner-section elementor-element elementor-element-379dffd elementor-reverse-mobile elementor-section-boxed elementor-section-height-default elementor-section-height-default\" data-id=\"379dffd\" data-element_type=\"section\">\n\t\t\t\t\t\t<div class=\"elementor-container elementor-column-gap-default\">\n\t\t\t\t\t<div class=\"elementor-column elementor-col-50 elementor-inner-column elementor-element elementor-element-c34cd9e\" data-id=\"c34cd9e\" data-element_type=\"column\">\n\t\t\t<div class=\"elementor-widget-wrap elementor-element-populated\">\n\t\t\t\t\t\t<div class=\"elementor-element elementor-element-c942cdb elementor-widget elementor-widget-text-editor\" data-id=\"c942cdb\" data-element_type=\"widget\" data-settings=\"{&quot;ekit_we_effect_on&quot;:&quot;none&quot;}\" data-widget_type=\"text-editor.default\">\n\t\t\t\t<div class=\"elementor-widget-container\">\n\t\t\t<style>\/*! elementor - v3.20.0 - 26-03-2024 *\/\n.elementor-widget-text-editor.elementor-drop-cap-view-stacked .elementor-drop-cap{background-color:#69727d;color:#fff}.elementor-widget-text-editor.elementor-drop-cap-view-framed .elementor-drop-cap{color:#69727d;border:3px solid;background-color:transparent}.elementor-widget-text-editor:not(.elementor-drop-cap-view-default) .elementor-drop-cap{margin-top:8px}.elementor-widget-text-editor:not(.elementor-drop-cap-view-default) .elementor-drop-cap-letter{width:1em;height:1em}.elementor-widget-text-editor .elementor-drop-cap{float:left;text-align:center;line-height:1;font-size:50px}.elementor-widget-text-editor .elementor-drop-cap-letter{display:inline-block}<\/style>\t\t\t\t<p>Nous nous engageons \u00e0 vous aider \u00e0 r\u00e9pondre \u00e0 vos besoins en mati\u00e8re d&rsquo;assurance-vie, d&rsquo;assurance-invalidit\u00e9 et d&rsquo;assurance contre les maladies graves, en ligne via notre site web, par t\u00e9l\u00e9phone ou par courrier \u00e9lectronique.<\/p><p>Nous fournissons des conseils d&rsquo;experts en mati\u00e8re d&rsquo;assurance aux particuliers et aux entreprises. Nos connaissances approfondies et notre acc\u00e8s \u00e0 une large gamme de produits d&rsquo;assurance nous permettent de personnaliser des plans d&rsquo;assurance pour vos besoins uniques \u00e0 un prix optimis\u00e9.<\/p><p>Depuis la pand\u00e9mie, les r\u00e9unions traditionnelles en personne ont progressivement c\u00e9d\u00e9 la place \u00e0 des r\u00e9unions et des transactions virtuelles. Nous nous sommes adapt\u00e9s \u00e0 cette nouvelle \u00e8re et nous nous effor\u00e7ons de servir davantage de Canadiens dans tout le pays.<\/p>\t\t\t\t\t\t<\/div>\n\t\t\t\t<\/div>\n\t\t\t\t\t<\/div>\n\t\t<\/div>\n\t\t\t\t<div class=\"elementor-column elementor-col-50 elementor-inner-column elementor-element elementor-element-d273ca4\" data-id=\"d273ca4\" data-element_type=\"column\">\n\t\t\t<div class=\"elementor-widget-wrap elementor-element-populated\">\n\t\t\t\t\t\t<div class=\"elementor-element elementor-element-1736198 elementor-widget elementor-widget-image\" data-id=\"1736198\" data-element_type=\"widget\" data-settings=\"{&quot;ekit_we_effect_on&quot;:&quot;none&quot;}\" data-widget_type=\"image.default\">\n\t\t\t\t<div class=\"elementor-widget-container\">\n\t\t\t<style>\/*! elementor - v3.20.0 - 26-03-2024 *\/\n.elementor-widget-image{text-align:center}.elementor-widget-image a{display:inline-block}.elementor-widget-image a img[src$=\".svg\"]{width:48px}.elementor-widget-image img{vertical-align:middle;display:inline-block}<\/style>\t\t\t\t\t\t\t\t\t\t<img fetchpriority=\"high\" decoding=\"async\" width=\"1000\" height=\"667\" src=\"https:\/\/gsa.mwhost.ca\/wp-content\/uploads\/2024\/04\/2828.jpg\" class=\"attachment-full size-full wp-image-8290\" alt=\"\" srcset=\"https:\/\/gsa.mwhost.ca\/wp-content\/uploads\/2024\/04\/2828.jpg 1000w, https:\/\/gsa.mwhost.ca\/wp-content\/uploads\/2024\/04\/2828-300x200.jpg 300w, https:\/\/gsa.mwhost.ca\/wp-content\/uploads\/2024\/04\/2828-768x512.jpg 768w\" sizes=\"(max-width: 1000px) 100vw, 1000px\" \/>\t\t\t\t\t\t\t\t\t\t\t\t\t<\/div>\n\t\t\t\t<\/div>\n\t\t\t\t\t<\/div>\n\t\t<\/div>\n\t\t\t\t\t<\/div>\n\t\t<\/section>\n\t\t\t\t\t<\/div>\n\t\t<\/div>\n\t\t\t\t\t<\/div>\n\t\t<\/section>\n\t\t\t\t<section class=\"elementor-section elementor-top-section elementor-element elementor-element-87c563e elementor-section-boxed elementor-section-height-default elementor-section-height-default\" data-id=\"87c563e\" data-element_type=\"section\">\n\t\t\t\t\t\t<div class=\"elementor-container elementor-column-gap-default\">\n\t\t\t\t\t<div class=\"elementor-column elementor-col-100 elementor-top-column elementor-element elementor-element-df64ccf\" data-id=\"df64ccf\" data-element_type=\"column\">\n\t\t\t<div class=\"elementor-widget-wrap elementor-element-populated\">\n\t\t\t\t\t\t<section class=\"elementor-section elementor-inner-section elementor-element elementor-element-098b342 elementor-section-boxed elementor-section-height-default elementor-section-height-default\" data-id=\"098b342\" data-element_type=\"section\">\n\t\t\t\t\t\t<div class=\"elementor-container elementor-column-gap-default\">\n\t\t\t\t\t<div class=\"elementor-column elementor-col-100 elementor-inner-column elementor-element elementor-element-b81f0ce\" data-id=\"b81f0ce\" data-element_type=\"column\">\n\t\t\t<div class=\"elementor-widget-wrap elementor-element-populated\">\n\t\t\t\t\t\t<div class=\"elementor-element elementor-element-c1ba0f3 elementor-widget elementor-widget-elementskit-heading\" data-id=\"c1ba0f3\" data-element_type=\"widget\" data-settings=\"{&quot;ekit_we_effect_on&quot;:&quot;none&quot;}\" data-widget_type=\"elementskit-heading.default\">\n\t\t\t\t<div class=\"elementor-widget-container\">\n\t\t\t<div class=\"ekit-wid-con\" ><div class=\"ekit-heading elementskit-section-title-wraper text_center   ekit_heading_tablet-   ekit_heading_mobile-\"><div class=\"ekit_heading_separetor_wraper ekit_heading_elementskit-border-divider elementskit-style-long\"><div class=\"elementskit-border-divider elementskit-style-long\"><\/div><\/div><h2 class=\"ekit-heading--title elementskit-section-title \">\u00c0 propos de nous<\/h2><\/div><\/div>\t\t<\/div>\n\t\t\t\t<\/div>\n\t\t\t\t<div class=\"elementor-element elementor-element-980da05 elementor-widget elementor-widget-text-editor\" data-id=\"980da05\" data-element_type=\"widget\" data-settings=\"{&quot;ekit_we_effect_on&quot;:&quot;none&quot;}\" data-widget_type=\"text-editor.default\">\n\t\t\t\t<div class=\"elementor-widget-container\">\n\t\t\t\t\t\t\t<p><strong>Nous sommes des courtiers en assurance.<\/strong><\/p><p>Un agent d&rsquo;assurance traditionnel (ou un repr\u00e9sentant, connu sous le nom d&rsquo;agent captif) travaille directement pour la compagnie d&rsquo;assurance. Il n&rsquo;est autoris\u00e9 \u00e0 vendre des polices \u00e0 ses clients qu&rsquo;au nom de la compagnie pour laquelle il travaille. En revanche, un courtier d&rsquo;assurance travaille avec plusieurs compagnies pour comparer et aider le client \u00e0 s\u00e9lectionner des produits d&rsquo;assurance en fonction de ses besoins sp\u00e9cifiques. En tant que courtiers, nous avons une connaissance plus large des offres et des principaux avantages des diff\u00e9rentes compagnies, et non pas d&rsquo;une seule compagnie.<\/p><p>Tout au long de cette p\u00e9riode, nous avons d\u00e9velopp\u00e9 de solides relations non seulement avec nos clients, mais aussi avec les principales compagnies d&rsquo;assurance vie du Canada, les souscripteurs, les soci\u00e9t\u00e9s m\u00e9dicales et un large \u00e9ventail d&rsquo;experts financiers. Nous transmettons nos ann\u00e9es de travail acharn\u00e9 afin de fournir \u00e0 nos clients les meilleurs prix, types de polices et connaissances possibles pour les aider \u00e0 prendre les bonnes d\u00e9cisions lors de l&rsquo;achat d&rsquo;une assurance personnelle et d&rsquo;un investissement.<\/p>\t\t\t\t\t\t<\/div>\n\t\t\t\t<\/div>\n\t\t\t\t\t<\/div>\n\t\t<\/div>\n\t\t\t\t\t<\/div>\n\t\t<\/section>\n\t\t\t\t\t<\/div>\n\t\t<\/div>\n\t\t\t\t\t<\/div>\n\t\t<\/section>\n\t\t\t\t<section class=\"elementor-section elementor-top-section elementor-element elementor-element-dfbe56f elementor-section-content-middle elementor-section-boxed elementor-section-height-default elementor-section-height-default\" data-id=\"dfbe56f\" data-element_type=\"section\" data-settings=\"{&quot;background_background&quot;:&quot;classic&quot;}\">\n\t\t\t\t\t\t<div class=\"elementor-container elementor-column-gap-default\">\n\t\t\t\t\t<div class=\"elementor-column elementor-col-33 elementor-top-column elementor-element elementor-element-8fc7708\" data-id=\"8fc7708\" data-element_type=\"column\">\n\t\t\t<div class=\"elementor-widget-wrap elementor-element-populated\">\n\t\t\t\t\t\t<div class=\"elementor-element elementor-element-28f7eaf elementor-widget elementor-widget-image\" data-id=\"28f7eaf\" data-element_type=\"widget\" data-settings=\"{&quot;ekit_we_effect_on&quot;:&quot;none&quot;}\" data-widget_type=\"image.default\">\n\t\t\t\t<div class=\"elementor-widget-container\">\n\t\t\t\t\t\t\t\t\t\t\t\t\t<img decoding=\"async\" width=\"1126\" height=\"1699\" src=\"https:\/\/gsa.mwhost.ca\/wp-content\/uploads\/2024\/04\/Profile-Wei.jpg\" class=\"attachment-full size-full wp-image-8704\" alt=\"\" srcset=\"https:\/\/gsa.mwhost.ca\/wp-content\/uploads\/2024\/04\/Profile-Wei.jpg 1126w, https:\/\/gsa.mwhost.ca\/wp-content\/uploads\/2024\/04\/Profile-Wei-199x300.jpg 199w, https:\/\/gsa.mwhost.ca\/wp-content\/uploads\/2024\/04\/Profile-Wei-679x1024.jpg 679w, https:\/\/gsa.mwhost.ca\/wp-content\/uploads\/2024\/04\/Profile-Wei-768x1159.jpg 768w, https:\/\/gsa.mwhost.ca\/wp-content\/uploads\/2024\/04\/Profile-Wei-1018x1536.jpg 1018w\" sizes=\"(max-width: 1126px) 100vw, 1126px\" \/>\t\t\t\t\t\t\t\t\t\t\t\t\t<\/div>\n\t\t\t\t<\/div>\n\t\t\t\t\t<\/div>\n\t\t<\/div>\n\t\t\t\t<div class=\"elementor-column elementor-col-66 elementor-top-column elementor-element elementor-element-d0da1ee\" data-id=\"d0da1ee\" data-element_type=\"column\">\n\t\t\t<div class=\"elementor-widget-wrap elementor-element-populated\">\n\t\t\t\t\t\t<div class=\"elementor-element elementor-element-41fa777 elementor-widget elementor-widget-elementskit-heading\" data-id=\"41fa777\" data-element_type=\"widget\" data-settings=\"{&quot;ekit_we_effect_on&quot;:&quot;none&quot;}\" data-widget_type=\"elementskit-heading.default\">\n\t\t\t\t<div class=\"elementor-widget-container\">\n\t\t\t<div class=\"ekit-wid-con\" ><div class=\"ekit-heading elementskit-section-title-wraper text_left   ekit_heading_tablet-   ekit_heading_mobile-\"><h2 class=\"ekit-heading--title elementskit-section-title \">Wei Shen<\/h2><\/div><\/div>\t\t<\/div>\n\t\t\t\t<\/div>\n\t\t\t\t<div class=\"elementor-element elementor-element-ce01c0b elementor-widget elementor-widget-text-editor\" data-id=\"ce01c0b\" data-element_type=\"widget\" data-settings=\"{&quot;ekit_we_effect_on&quot;:&quot;none&quot;}\" data-widget_type=\"text-editor.default\">\n\t\t\t\t<div class=\"elementor-widget-container\">\n\t\t\t\t\t\t\t<p>Avant de commencer sa carri\u00e8re de courtier en assurances en 2021, Wei Shen \u00e9tait architecte et d\u00e9coratrice d&rsquo;int\u00e9rieur, et a travaill\u00e9 sur divers projets \u00e0 Montr\u00e9al, en Chine et aux \u00c9tats-Unis. Le fait d&rsquo;assumer le r\u00f4le de conseill\u00e8re financi\u00e8re lui offre un \u00e9ventail d&rsquo;opportunit\u00e9s qui n&rsquo;est disponible que dans peu de domaines professionnels, ce qui lui permet d&rsquo;aider les clients \u00e0 prendre des d\u00e9cisions appropri\u00e9es pour un avenir financi\u00e8rement sain et de leur offrir des conseils pr\u00e9cieux lorsqu&rsquo;il s&rsquo;agit de souscrire une assurance.<\/p>\t\t\t\t\t\t<\/div>\n\t\t\t\t<\/div>\n\t\t\t\t\t<\/div>\n\t\t<\/div>\n\t\t\t\t\t<\/div>\n\t\t<\/section>\n\t\t\t\t<section class=\"elementor-section elementor-top-section elementor-element elementor-element-b0b44ab elementor-section-content-middle elementor-reverse-mobile elementor-section-boxed elementor-section-height-default elementor-section-height-default\" data-id=\"b0b44ab\" data-element_type=\"section\" data-settings=\"{&quot;background_background&quot;:&quot;classic&quot;}\">\n\t\t\t\t\t\t<div class=\"elementor-container elementor-column-gap-default\">\n\t\t\t\t\t<div class=\"elementor-column elementor-col-66 elementor-top-column elementor-element elementor-element-bffd92f\" data-id=\"bffd92f\" data-element_type=\"column\">\n\t\t\t<div class=\"elementor-widget-wrap elementor-element-populated\">\n\t\t\t\t\t\t<div class=\"elementor-element elementor-element-379498c elementor-widget elementor-widget-elementskit-heading\" data-id=\"379498c\" data-element_type=\"widget\" data-settings=\"{&quot;ekit_we_effect_on&quot;:&quot;none&quot;}\" data-widget_type=\"elementskit-heading.default\">\n\t\t\t\t<div class=\"elementor-widget-container\">\n\t\t\t<div class=\"ekit-wid-con\" ><div class=\"ekit-heading elementskit-section-title-wraper text_left   ekit_heading_tablet-   ekit_heading_mobile-\"><h2 class=\"ekit-heading--title elementskit-section-title \">Hervey Gauthier<\/h2><\/div><\/div>\t\t<\/div>\n\t\t\t\t<\/div>\n\t\t\t\t<div class=\"elementor-element elementor-element-53f709b elementor-widget elementor-widget-text-editor\" data-id=\"53f709b\" data-element_type=\"widget\" data-settings=\"{&quot;ekit_we_effect_on&quot;:&quot;none&quot;}\" data-widget_type=\"text-editor.default\">\n\t\t\t\t<div class=\"elementor-widget-container\">\n\t\t\t\t\t\t\t<p>Apr\u00e8s des \u00e9tudes universitaires en sciences et en math\u00e9matiques actuarielles, Hervey Gauthier a commenc\u00e9 sa carri\u00e8re dans l&rsquo;assurance en 2009 et comme conseiller financier depuis 2013. Au fil des ans, il a travaill\u00e9 comme courtier d&rsquo;assurance ind\u00e9pendant aupr\u00e8s de milliers de Canadiens, les aidant \u00e0 souscrire une assurance-vie, une assurance-invalidit\u00e9 et une assurance-maladie compl\u00e9mentaire. Il d\u00e9tient \u00e9galement le titre de gestionnaire de placements agr\u00e9\u00e9 (CIM) de l&rsquo;Institut canadien des valeurs mobili\u00e8res.<\/p>\t\t\t\t\t\t<\/div>\n\t\t\t\t<\/div>\n\t\t\t\t\t<\/div>\n\t\t<\/div>\n\t\t\t\t<div class=\"elementor-column elementor-col-33 elementor-top-column elementor-element elementor-element-2b5a461\" data-id=\"2b5a461\" data-element_type=\"column\">\n\t\t\t<div class=\"elementor-widget-wrap elementor-element-populated\">\n\t\t\t\t\t\t<div class=\"elementor-element elementor-element-ee64d8e elementor-widget elementor-widget-image\" data-id=\"ee64d8e\" data-element_type=\"widget\" data-settings=\"{&quot;ekit_we_effect_on&quot;:&quot;none&quot;}\" data-widget_type=\"image.default\">\n\t\t\t\t<div class=\"elementor-widget-container\">\n\t\t\t\t\t\t\t\t\t\t\t\t\t<img decoding=\"async\" width=\"897\" height=\"1254\" src=\"https:\/\/gsa.mwhost.ca\/wp-content\/uploads\/2024\/04\/Profile-Hervey-1.jpg\" class=\"attachment-full size-full wp-image-8706\" alt=\"\" srcset=\"https:\/\/gsa.mwhost.ca\/wp-content\/uploads\/2024\/04\/Profile-Hervey-1.jpg 897w, https:\/\/gsa.mwhost.ca\/wp-content\/uploads\/2024\/04\/Profile-Hervey-1-215x300.jpg 215w, https:\/\/gsa.mwhost.ca\/wp-content\/uploads\/2024\/04\/Profile-Hervey-1-732x1024.jpg 732w, https:\/\/gsa.mwhost.ca\/wp-content\/uploads\/2024\/04\/Profile-Hervey-1-768x1074.jpg 768w\" sizes=\"(max-width: 897px) 100vw, 897px\" \/>\t\t\t\t\t\t\t\t\t\t\t\t\t<\/div>\n\t\t\t\t<\/div>\n\t\t\t\t\t<\/div>\n\t\t<\/div>\n\t\t\t\t\t<\/div>\n\t\t<\/section>\n\t\t\t\t<section class=\"elementor-section elementor-top-section elementor-element elementor-element-ba659ab cta elementor-section-boxed elementor-section-height-default elementor-section-height-default\" data-id=\"ba659ab\" data-element_type=\"section\">\n\t\t\t\t\t\t<div class=\"elementor-container elementor-column-gap-default\">\n\t\t\t\t\t<div class=\"elementor-column elementor-col-100 elementor-top-column elementor-element elementor-element-763e33a\" data-id=\"763e33a\" data-element_type=\"column\" data-settings=\"{&quot;background_background&quot;:&quot;classic&quot;}\">\n\t\t\t<div class=\"elementor-widget-wrap elementor-element-populated\">\n\t\t\t\t\t<div class=\"elementor-background-overlay\"><\/div>\n\t\t\t\t\t\t<section class=\"elementor-section elementor-inner-section elementor-element elementor-element-5c7d9d2 elementor-section-boxed elementor-section-height-default elementor-section-height-default\" data-id=\"5c7d9d2\" data-element_type=\"section\">\n\t\t\t\t\t\t<div class=\"elementor-container elementor-column-gap-default\">\n\t\t\t\t\t<div class=\"elementor-column elementor-col-50 elementor-inner-column elementor-element elementor-element-5a2abae\" data-id=\"5a2abae\" data-element_type=\"column\">\n\t\t\t<div class=\"elementor-widget-wrap elementor-element-populated\">\n\t\t\t\t\t\t<div class=\"elementor-element elementor-element-c9d91f9 elementor-widget elementor-widget-text-editor\" data-id=\"c9d91f9\" data-element_type=\"widget\" data-settings=\"{&quot;ekit_we_effect_on&quot;:&quot;none&quot;}\" data-widget_type=\"text-editor.default\">\n\t\t\t\t<div class=\"elementor-widget-container\">\n\t\t\t\t\t\t\t<strong style=\"color: #fff;\">Vous n&rsquo;\u00eates pas s\u00fbr de ce dont vous avez besoin ?<\/strong> D\u00e9couvrez en quelques secondes les types d&rsquo;assurance qui correspondent \u00e0 votre activit\u00e9.\t\t\t\t\t\t<\/div>\n\t\t\t\t<\/div>\n\t\t\t\t\t<\/div>\n\t\t<\/div>\n\t\t\t\t<div class=\"elementor-column elementor-col-50 elementor-inner-column elementor-element elementor-element-a2f5586\" data-id=\"a2f5586\" data-element_type=\"column\">\n\t\t\t<div class=\"elementor-widget-wrap elementor-element-populated\">\n\t\t\t\t\t\t<div class=\"elementor-element elementor-element-6407861 elementor-widget elementor-widget-elementskit-button\" data-id=\"6407861\" data-element_type=\"widget\" data-settings=\"{&quot;ekit_we_effect_on&quot;:&quot;none&quot;}\" data-widget_type=\"elementskit-button.default\">\n\t\t\t\t<div class=\"elementor-widget-container\">\n\t\t\t<div class=\"ekit-wid-con\" >\t\t<div class=\"ekit-btn-wraper\">\n\t\t\t\t\t\t\t<a href=\"https:\/\/gsa.mwhost.ca\/fr\/demander-un-devis\/\" class=\"elementskit-btn  whitespace--normal\" id=\"\">\n\t\t\t\t\tObtenir un devis\t\t\t\t<\/a>\n\t\t\t\t\t<\/div>\n        <\/div>\t\t<\/div>\n\t\t\t\t<\/div>\n\t\t\t\t\t<\/div>\n\t\t<\/div>\n\t\t\t\t\t<\/div>\n\t\t<\/section>\n\t\t\t\t\t<\/div>\n\t\t<\/div>\n\t\t\t\t\t<\/div>\n\t\t<\/section>\n\t\t\t\t<\/div>\n\t\t","protected":false},"excerpt":{"rendered":"<p>Notre mission Nous nous engageons \u00e0 vous aider \u00e0 r\u00e9pondre \u00e0 vos besoins en mati\u00e8re d&rsquo;assurance-vie, d&rsquo;assurance-invalidit\u00e9 et d&rsquo;assurance contre les maladies graves, en ligne via notre site web, par t\u00e9l\u00e9phone ou par courrier \u00e9lectronique. Nous fournissons des conseils d&rsquo;experts en mati\u00e8re d&rsquo;assurance aux particuliers et aux entreprises. Nos connaissances approfondies et notre acc\u00e8s \u00e0 [&hellip;]<\/p>\n","protected":false},"author":1,"featured_media":0,"parent":0,"menu_order":0,"comment_status":"closed","ping_status":"closed","template":"template\/full-width-template.php","meta":{"footnotes":""},"class_list":["post-9583","page","type-page","status-publish","hentry"],"_links":{"self":[{"href":"https:\/\/gsa.mwhost.ca\/fr\/wp-json\/wp\/v2\/pages\/9583","targetHints":{"allow":["GET"]}}],"collection":[{"href":"https:\/\/gsa.mwhost.ca\/fr\/wp-json\/wp\/v2\/pages"}],"about":[{"href":"https:\/\/gsa.mwhost.ca\/fr\/wp-json\/wp\/v2\/types\/page"}],"author":[{"embeddable":true,"href":"https:\/\/gsa.mwhost.ca\/fr\/wp-json\/wp\/v2\/users\/1"}],"replies":[{"embeddable":true,"href":"https:\/\/gsa.mwhost.ca\/fr\/wp-json\/wp\/v2\/comments?post=9583"}],"version-history":[{"count":13,"href":"https:\/\/gsa.mwhost.ca\/fr\/wp-json\/wp\/v2\/pages\/9583\/revisions"}],"predecessor-version":[{"id":10082,"href":"https:\/\/gsa.mwhost.ca\/fr\/wp-json\/wp\/v2\/pages\/9583\/revisions\/10082"}],"wp:attachment":[{"href":"https:\/\/gsa.mwhost.ca\/fr\/wp-json\/wp\/v2\/media?parent=9583"}],"curies":[{"name":"wp","href":"https:\/\/api.w.org\/{rel}","templated":true}]}}